{"id":4362,"date":"2022-07-28T17:54:36","date_gmt":"2022-07-28T17:54:36","guid":{"rendered":"https:\/\/store.crashbaggage.com\/eu.local\/uncategorized\/icon\/"},"modified":"2026-04-25T01:57:47","modified_gmt":"2026-04-24T23:57:47","slug":"icon","status":"publish","type":"product","link":"https:\/\/store.crashbaggage.com\/eu\/it\/luggage\/icon\/icon\/","title":{"rendered":"Icon"},"content":{"rendered":"<p><span data-sheets-root=\"1\">Icon \u00e8 un puro concentrato di tutto quello in cui crediamo. Ecco perch\u00e9 \u00e8 anche la nostra valigia pi\u00f9 amata e riconoscibile. Puoi trovare un po&#8217; del suo spirito in tutti i prodotti che facciamo. Ma se vuoi provare la sensazione \u2018Handle without care\u2019 originale, non ti serve altro.<br \/>\nTre diverse dimensioni, sorprendenti dentro e fuori. All\u2019esterno ha una scocca in 100% policarbonato resistente, dentro un sacco di spazio. L&#8217;interno presenta tasche extra e un design versatile degli scomparti che rendono Icon ideale per i viaggiatori frequenti che amano distinguersi.     <\/span><\/p>\n","protected":false},"excerpt":{"rendered":"<h2><em>ALWAYS<\/em> fancy<br \/>\n<em>a few<\/em> BUMPS.<\/h2>\n","protected":false},"featured_media":6181,"template":"","meta":{"_acf_changed":false,"_kb_optimizer_status":0,"_kad_blocks_custom_css":"","_kad_blocks_head_custom_js":"","_kad_blocks_body_custom_js":"","_kad_blocks_footer_custom_js":"","_kadence_starter_templates_imported_post":false,"_kad_post_transparent":"default","_kad_post_title":"","_kad_post_layout":"default","_kad_post_sidebar_id":"","_kad_post_content_style":"default","_kad_post_vertical_padding":"default","_kad_post_feature":"","_kad_post_feature_position":"","_kad_post_header":false,"_kad_post_footer":false,"_kad_post_classname":""},"product_brand":[],"product_cat":[239,40],"product_tag":[],"class_list":{"0":"post-4362","1":"product","2":"type-product","3":"status-publish","4":"has-post-thumbnail","6":"product_cat-icon","7":"product_cat-luggage","8":"pa_color-black","9":"pa_color-blue-navy","10":"pa_color-chocolate","11":"pa_color-deep-blue","12":"pa_color-denim-blue","13":"pa_color-fucsia","14":"pa_color-green-olive","15":"pa_color-hunter-green","16":"pa_color-imperial-green","17":"pa_color-laguna-blue","18":"pa_color-lavanda","19":"pa_color-melon","20":"pa_color-mint-green","21":"pa_color-petrol-blue","22":"pa_color-ruby-red","23":"pa_color-silver","24":"pa_color-skin-pink","25":"pa_color-sky-blue","26":"pa_color-the-standard","27":"pa_color-white","28":"pa_color-yellow","29":"pa_size-cabin","30":"pa_size-large","31":"pa_size-medium","33":"first","34":"instock","35":"taxable","36":"shipping-taxable","37":"purchasable","38":"product-type-variable","39":"has-default-attributes","40":"entry","41":"content-bg","42":"loop-entry"},"acf":[],"taxonomy_info":{"product_cat":[{"value":239,"label":"Icon"},{"value":40,"label":"Luggage"}],"pa_color":[{"value":101,"label":"Black"},{"value":99,"label":"Blue Navy"},{"value":218,"label":"Chocolate"},{"value":108,"label":"Deep blue"},{"value":217,"label":"Denim Blue"},{"value":104,"label":"Fucsia"},{"value":107,"label":"Green olive"},{"value":158,"label":"Hunter Green"},{"value":261,"label":"Imperial Green"},{"value":109,"label":"Laguna blue"},{"value":106,"label":"Lavanda"},{"value":98,"label":"Melon"},{"value":105,"label":"Mint Green"},{"value":159,"label":"Petrol Blue"},{"value":157,"label":"Ruby Red"},{"value":103,"label":"Silver"},{"value":206,"label":"Skin Pink"},{"value":100,"label":"Sky Blue"},{"value":233,"label":"The Standard"},{"value":97,"label":"White"},{"value":102,"label":"Yellow"}],"pa_size":[{"value":114,"label":"Cabin"},{"value":115,"label":"Large"},{"value":113,"label":"Medium"}]},"featured_image_src_large":["https:\/\/store.crashbaggage.com\/eu\/wp-content\/uploads\/sites\/3\/2022\/07\/Crash-Baggage_Luggage_Icon_Yellow_Medium_01-1024x1024.png",1024,1024,true],"author_info":[],"comment_info":"","_links":{"self":[{"href":"https:\/\/store.crashbaggage.com\/eu\/it\/wp-json\/wp\/v2\/product\/4362","targetHints":{"allow":["GET"]}}],"collection":[{"href":"https:\/\/store.crashbaggage.com\/eu\/it\/wp-json\/wp\/v2\/product"}],"about":[{"href":"https:\/\/store.crashbaggage.com\/eu\/it\/wp-json\/wp\/v2\/types\/product"}],"wp:featuredmedia":[{"embeddable":true,"href":"https:\/\/store.crashbaggage.com\/eu\/it\/wp-json\/wp\/v2\/media\/6181"}],"wp:attachment":[{"href":"https:\/\/store.crashbaggage.com\/eu\/it\/wp-json\/wp\/v2\/media?parent=4362"}],"wp:term":[{"taxonomy":"product_brand","embeddable":true,"href":"https:\/\/store.crashbaggage.com\/eu\/it\/wp-json\/wp\/v2\/product_brand?post=4362"},{"taxonomy":"product_cat","embeddable":true,"href":"https:\/\/store.crashbaggage.com\/eu\/it\/wp-json\/wp\/v2\/product_cat?post=4362"},{"taxonomy":"product_tag","embeddable":true,"href":"https:\/\/store.crashbaggage.com\/eu\/it\/wp-json\/wp\/v2\/product_tag?post=4362"}],"curies":[{"name":"wp","href":"https:\/\/api.w.org\/{rel}","templated":true}]}}