{"id":20220,"date":"2025-11-12T15:28:58","date_gmt":"2025-11-12T15:28:59","guid":{"rendered":"https:\/\/store.crashbaggage.com\/eu\/?post_type=product&#038;p=20220"},"modified":"2025-11-12T15:35:46","modified_gmt":"2025-11-12T15:35:46","slug":"mini-icon-copy","status":"publish","type":"product","link":"https:\/\/store.crashbaggage.com\/eu\/it\/senza-categoria\/mini-icon-copy\/","title":{"rendered":"Mini Icon"},"content":{"rendered":"<p>Pochette, Astuccio o Borsa da passeggio: chiamala come preferisci. Il nuovo Hard Case Crash Baggage\u00ae, dal design unico ammaccato, \u00e8 pronto ad accompagnarti, come al solito, senza cautele, senza cure. Questa custodia rigida \u00e8 dotata di tracolla e di manico con gancio per poterla portare anche a mano. Al suo interno \u00e8 presente una tasca intelligente che permette di riporre in modo ordinato monete, chiavi o altri oggetti.<\/p>\n","protected":false},"excerpt":{"rendered":"<h2 class=\"animated-text-container\" data-ancounter=\"0\"><span id=\"animated-text-1\" class=\"animated-text\"><span class=\"text-wrapper heading-2-size\"><span class=\"heading-2-sans bold-weight letters\"><strong>Brave<\/strong> <\/span><em><span class=\"heading-2-serif default-weight letters\">by DESIGN.<\/span><\/em><\/span><\/span><\/h2>\n","protected":false},"featured_media":17841,"template":"","meta":{"_acf_changed":false,"_kad_blocks_custom_css":"","_kad_blocks_head_custom_js":"","_kad_blocks_body_custom_js":"","_kad_blocks_footer_custom_js":"","_kadence_starter_templates_imported_post":false,"_kad_post_transparent":"default","_kad_post_title":"","_kad_post_layout":"default","_kad_post_sidebar_id":"","_kad_post_content_style":"default","_kad_post_vertical_padding":"default","_kad_post_feature":"","_kad_post_feature_position":"","_kad_post_header":false,"_kad_post_footer":false,"_kad_post_classname":""},"product_brand":[],"product_cat":[],"product_tag":[],"class_list":{"0":"post-20220","1":"product","2":"type-product","3":"status-publish","4":"has-post-thumbnail","6":"pa_color-chocolate","8":"first","9":"instock","10":"taxable","11":"shipping-taxable","12":"purchasable","13":"product-type-variable","14":"has-default-attributes","15":"entry","16":"content-bg","17":"loop-entry"},"acf":[],"taxonomy_info":{"pa_color":[{"value":218,"label":"Chocolate"}]},"featured_image_src_large":["https:\/\/store.crashbaggage.com\/eu\/wp-content\/uploads\/sites\/3\/2025\/04\/Crash-Baggage_bags_Mini-icon_Chocolate_std_01-1024x1024.png",1024,1024,true],"author_info":[],"comment_info":"","_links":{"self":[{"href":"https:\/\/store.crashbaggage.com\/eu\/it\/wp-json\/wp\/v2\/product\/20220","targetHints":{"allow":["GET"]}}],"collection":[{"href":"https:\/\/store.crashbaggage.com\/eu\/it\/wp-json\/wp\/v2\/product"}],"about":[{"href":"https:\/\/store.crashbaggage.com\/eu\/it\/wp-json\/wp\/v2\/types\/product"}],"wp:featuredmedia":[{"embeddable":true,"href":"https:\/\/store.crashbaggage.com\/eu\/it\/wp-json\/wp\/v2\/media\/17841"}],"wp:attachment":[{"href":"https:\/\/store.crashbaggage.com\/eu\/it\/wp-json\/wp\/v2\/media?parent=20220"}],"wp:term":[{"taxonomy":"product_brand","embeddable":true,"href":"https:\/\/store.crashbaggage.com\/eu\/it\/wp-json\/wp\/v2\/product_brand?post=20220"},{"taxonomy":"product_cat","embeddable":true,"href":"https:\/\/store.crashbaggage.com\/eu\/it\/wp-json\/wp\/v2\/product_cat?post=20220"},{"taxonomy":"product_tag","embeddable":true,"href":"https:\/\/store.crashbaggage.com\/eu\/it\/wp-json\/wp\/v2\/product_tag?post=20220"}],"curies":[{"name":"wp","href":"https:\/\/api.w.org\/{rel}","templated":true}]}}