{"id":17497,"date":"2025-04-14T16:17:27","date_gmt":"2025-04-14T14:17:27","guid":{"rendered":"https:\/\/store.crashbaggage.com\/eu\/senza-categoria\/tote-bag\/"},"modified":"2025-08-07T09:56:05","modified_gmt":"2025-08-07T09:56:05","slug":"tote-bag","status":"publish","type":"product","link":"https:\/\/store.crashbaggage.com\/eu\/it\/borse-soft\/tote-bag\/","title":{"rendered":"Tote Bag"},"content":{"rendered":"<p><span data-sheets-root=\"1\">Tu lavori duro, noi lo rendiamo pi\u00f9 morbido. Finalmente uno zaino che si piega alle tue esigenze per farti studiare, lavorare e viaggiare pi\u00f9 facilmente, pi\u00f9 velocemente e pi\u00f9 agevolmente. Dentro e fuori, su e gi\u00f9. Tutto \u00e8 progettato per essere fatto in un batter d&#8217;occhio, senza sforzi. Realizzato in materiale impermeabile e caratterizzato dal nostro iconico stile, \u00e8 dotato di uno scomparto per laptop e un porta tablet. Molte tasche extra e un design intelligente dell&#8217;interno ti consentiranno di riporre in modo sicuro e riempire facilmente lo zaino di tutto ci\u00f2 di cui hai bisogno Le due grandi maniglie che ne caratterizzano il design ti aiuteranno a trasportare e sollevare la borsa in ogni situazione, senza pensieri.<\/span><\/p>\n<p><strong>Dimensioni<\/strong>: 45 x 27 x 18 cm \/ 17,72\u201d x 10,6\u201d x 7.0\u201d<br \/>\n<strong>Volume<\/strong>: 18 L<br \/>\n<strong>Materiale<\/strong>: realizzato con materiale riciclato<\/p>\n<ul>\n<li><span data-sheets-root=\"1\"> Tasche laterali<br \/>\n<\/span><\/li>\n<li><span data-sheets-root=\"1\">Fascia per aggancio al trolley<br \/>\n<\/span><\/li>\n<li><span data-sheets-root=\"1\">Manici regolabili<br \/>\n<\/span><\/li>\n<li><span data-sheets-root=\"1\">Tracolla<br \/>\n<\/span><\/li>\n<li><span data-sheets-root=\"1\">Scomparto interno per laptop fino a 15 pollici<br \/>\n<\/span><\/li>\n<li><span data-sheets-root=\"1\">Base rigida<br \/>\n<\/span><\/li>\n<li><span data-sheets-root=\"1\">Tessuto e cerniere resistenti all&#8217;acqua<br \/>\n<\/span><\/li>\n<\/ul>\n","protected":false},"excerpt":{"rendered":"<h2><strong><span class=\"heading-2-sans black-weight letters\">FLEX<\/span><\/strong><br \/>\n<em><span class=\"heading-2-serif default-weight letters\">appeal.<\/span><\/em><\/h2>\n","protected":false},"featured_media":17209,"template":"","meta":{"_acf_changed":false,"_kb_optimizer_status":0,"_kad_blocks_custom_css":"","_kad_blocks_head_custom_js":"","_kad_blocks_body_custom_js":"","_kad_blocks_footer_custom_js":"","_kadence_starter_templates_imported_post":false,"_kad_post_transparent":"default","_kad_post_title":"","_kad_post_layout":"default","_kad_post_sidebar_id":"","_kad_post_content_style":"default","_kad_post_vertical_padding":"default","_kad_post_feature":"","_kad_post_feature_position":"","_kad_post_header":false,"_kad_post_footer":false,"_kad_post_classname":""},"product_brand":[],"product_cat":[220],"product_tag":[],"class_list":{"0":"post-17497","1":"product","2":"type-product","3":"status-publish","4":"has-post-thumbnail","6":"product_cat-borse-soft","7":"pa_color-black","8":"pa_color-salmon-pink","9":"pa_color-silver","11":"first","12":"instock","13":"taxable","14":"shipping-taxable","15":"purchasable","16":"product-type-variable","17":"has-default-attributes","18":"entry","19":"content-bg","20":"loop-entry"},"acf":[],"taxonomy_info":{"product_cat":[{"value":220,"label":"Borse Soft"}],"pa_color":[{"value":101,"label":"Black"},{"value":212,"label":"Salmon Pink"},{"value":103,"label":"Silver"}]},"featured_image_src_large":["https:\/\/store.crashbaggage.com\/eu\/wp-content\/uploads\/sites\/3\/2025\/04\/Crash-Baggage_bags_Tote-Backpack_Black_std_02-1024x1024.png",1024,1024,true],"author_info":[],"comment_info":"","_links":{"self":[{"href":"https:\/\/store.crashbaggage.com\/eu\/it\/wp-json\/wp\/v2\/product\/17497","targetHints":{"allow":["GET"]}}],"collection":[{"href":"https:\/\/store.crashbaggage.com\/eu\/it\/wp-json\/wp\/v2\/product"}],"about":[{"href":"https:\/\/store.crashbaggage.com\/eu\/it\/wp-json\/wp\/v2\/types\/product"}],"wp:featuredmedia":[{"embeddable":true,"href":"https:\/\/store.crashbaggage.com\/eu\/it\/wp-json\/wp\/v2\/media\/17209"}],"wp:attachment":[{"href":"https:\/\/store.crashbaggage.com\/eu\/it\/wp-json\/wp\/v2\/media?parent=17497"}],"wp:term":[{"taxonomy":"product_brand","embeddable":true,"href":"https:\/\/store.crashbaggage.com\/eu\/it\/wp-json\/wp\/v2\/product_brand?post=17497"},{"taxonomy":"product_cat","embeddable":true,"href":"https:\/\/store.crashbaggage.com\/eu\/it\/wp-json\/wp\/v2\/product_cat?post=17497"},{"taxonomy":"product_tag","embeddable":true,"href":"https:\/\/store.crashbaggage.com\/eu\/it\/wp-json\/wp\/v2\/product_tag?post=17497"}],"curies":[{"name":"wp","href":"https:\/\/api.w.org\/{rel}","templated":true}]}}