{"id":17493,"date":"2025-04-14T16:27:56","date_gmt":"2025-04-14T14:27:56","guid":{"rendered":"https:\/\/store.crashbaggage.com\/eu\/senza-categoria\/crossbody\/"},"modified":"2026-01-09T13:05:37","modified_gmt":"2026-01-09T13:05:37","slug":"crossbody","status":"publish","type":"product","link":"https:\/\/store.crashbaggage.com\/eu\/it\/borse-soft\/crossbody\/","title":{"rendered":"Crossbody"},"content":{"rendered":"<p><span data-sheets-root=\"1\">Immagina una borsa che ti calza a pennello, letteralmente. La borsa a tracolla SOFT pu\u00f2 essere indossata e dimenticata. A meno che tu non abbia bisogno di riporci qualcosa. In questo caso sar\u00e0 immediatamente disponibile, proprio dove l&#8217;hai lasciata (tutta attorno a te). Realizzata in leggero poliestere riciclato al 100% e resistente all&#8217;acqua, con una grande tasca frontale in morbido EVA con il nostro iconico design, \u00e8 la perfetta compagna per una breve passeggiata o per un lungo viaggio. Vuota, sta nel palmo della tua mano. Una volta riempita, grazie ad un design degli interni multi tasca, contiene abbastanza cose da farti sentire completo. In realt\u00e0, diventer\u00e0 parte di te e difficilmente riuscirai a separartene. Ma perch\u00e9 dovresti?        <\/span><\/p>\n<p><strong>Dimensioni<\/strong>: 21,5 x 29 x 15 cm \/ 8.46&#8243; \u00d7 11.42&#8243; \u00d7 5.91&#8243;<br \/>\n<strong>Volume<\/strong>: 9 L<br \/>\n<strong>Materiale<\/strong>: Tessuto esterno in nylon riciclato \/ Fodera interna in poliestere riciclato<\/p>\n<ul>\n<li><span data-sheets-root=\"1\"> Tasca frontale in EVA comprimibile<br \/>\n<\/span><\/li>\n<li><span data-sheets-root=\"1\">Scomparto interno con tre tasche (una con zip, due aperte)<br \/>\n<\/span><\/li>\n<li><span data-sheets-root=\"1\">Design leggero<br \/>\n<\/span><\/li>\n<li><span data-sheets-root=\"1\">Pieghevole per un ingombro ridotto<br \/>\n<\/span><\/li>\n<li><span data-sheets-root=\"1\">Tessuto e cerniere resistenti all&#8217;acqua<\/span><\/li>\n<li><span data-sheets-root=\"1\">Tracolla regolabile<\/span><\/li>\n<\/ul>\n","protected":false},"excerpt":{"rendered":"<div class=\"kwt-excerpt-wrap woocommerce-product-details__short-description kwt-excerpt-_af2dc5-f3 kwt-excerpt-single cb-brand-statement wp-block-kadence-wootemplate-blocks-excerpt\">\n<h2><strong><span class=\"heading-2-sans black-weight letters\">FLEX<\/span><\/strong><br \/>\n<em><span class=\"heading-2-serif default-weight letters\">appeal.<\/span><\/em><\/h2>\n<\/div>\n<div class=\"kwt-description-wrap kwt-description-_d47f77-e0 kwt-description-single wp-block-kadence-wootemplate-blocks-description\"><\/div>\n","protected":false},"featured_media":17269,"template":"","meta":{"_acf_changed":false,"_kb_optimizer_status":0,"_kad_blocks_custom_css":"","_kad_blocks_head_custom_js":"","_kad_blocks_body_custom_js":"","_kad_blocks_footer_custom_js":"","_kadence_starter_templates_imported_post":false,"_kad_post_transparent":"default","_kad_post_title":"","_kad_post_layout":"default","_kad_post_sidebar_id":"","_kad_post_content_style":"default","_kad_post_vertical_padding":"default","_kad_post_feature":"","_kad_post_feature_position":"","_kad_post_header":false,"_kad_post_footer":false,"_kad_post_classname":""},"product_brand":[],"product_cat":[220],"product_tag":[],"class_list":{"0":"post-17493","1":"product","2":"type-product","3":"status-publish","4":"has-post-thumbnail","6":"product_cat-borse-soft","7":"pa_color-acid-green-violet","8":"pa_color-black","9":"pa_color-dreamy-blue","10":"pa_color-silver","11":"pa_color-wine","13":"first","14":"instock","15":"taxable","16":"shipping-taxable","17":"purchasable","18":"product-type-variable","19":"has-default-attributes","20":"entry","21":"content-bg","22":"loop-entry"},"acf":[],"taxonomy_info":{"product_cat":[{"value":220,"label":"Borse Soft"}],"pa_color":[{"value":214,"label":"Acid green &amp; Violet"},{"value":101,"label":"Black"},{"value":231,"label":"Dreamy Blue"},{"value":103,"label":"Silver"},{"value":232,"label":"Wine"}]},"featured_image_src_large":["https:\/\/store.crashbaggage.com\/eu\/wp-content\/uploads\/sites\/3\/2025\/04\/Crash-Baggage_bags_Soft-Crossbody_Silver_std_02-1024x1024.png",1024,1024,true],"author_info":[],"comment_info":"","_links":{"self":[{"href":"https:\/\/store.crashbaggage.com\/eu\/it\/wp-json\/wp\/v2\/product\/17493","targetHints":{"allow":["GET"]}}],"collection":[{"href":"https:\/\/store.crashbaggage.com\/eu\/it\/wp-json\/wp\/v2\/product"}],"about":[{"href":"https:\/\/store.crashbaggage.com\/eu\/it\/wp-json\/wp\/v2\/types\/product"}],"wp:featuredmedia":[{"embeddable":true,"href":"https:\/\/store.crashbaggage.com\/eu\/it\/wp-json\/wp\/v2\/media\/17269"}],"wp:attachment":[{"href":"https:\/\/store.crashbaggage.com\/eu\/it\/wp-json\/wp\/v2\/media?parent=17493"}],"wp:term":[{"taxonomy":"product_brand","embeddable":true,"href":"https:\/\/store.crashbaggage.com\/eu\/it\/wp-json\/wp\/v2\/product_brand?post=17493"},{"taxonomy":"product_cat","embeddable":true,"href":"https:\/\/store.crashbaggage.com\/eu\/it\/wp-json\/wp\/v2\/product_cat?post=17493"},{"taxonomy":"product_tag","embeddable":true,"href":"https:\/\/store.crashbaggage.com\/eu\/it\/wp-json\/wp\/v2\/product_tag?post=17493"}],"curies":[{"name":"wp","href":"https:\/\/api.w.org\/{rel}","templated":true}]}}