{"id":17485,"date":"2025-04-16T08:20:06","date_gmt":"2025-04-16T08:20:06","guid":{"rendered":"https:\/\/store.crashbaggage.com\/eu\/senza-categoria\/borsa-laterale\/"},"modified":"2025-08-07T09:56:04","modified_gmt":"2025-08-07T09:56:04","slug":"side-tote-bag","status":"publish","type":"product","link":"https:\/\/store.crashbaggage.com\/eu\/it\/borse-soft\/side-tote-bag\/","title":{"rendered":"Side Tote Bag"},"content":{"rendered":"<p><span data-sheets-root=\"1\">Non nascondere il tuo lato morbido, nutrilo. SOFT Side Tote Bag ti offre una prospettiva completamente diversa di quello che una borsa pu\u00f2 fare. Realizzata in leggero poliestere resistente all&#8217;acqua 100% riciclato, \u00e8 nata per adattarsi. Tu, devi solo imparare a esprimere il suo infinito potenziale. Quando \u00e8 vuota, pu\u00f2 essere facilmente trasportata e riposta. Quando serve spazio, mostra la sua vera natura. Due morbide tasche laterali sono realizzate in EVA e caratterizzate dal nostro iconico design. Due tasche porta bottiglia, manici regolabili, tracolla e una speciale cinghia per il fissaggio al trolley ti daranno tutto ci\u00f2 di cui avrai bisogno per una giornata fuori, senza preoccupazioni.      <\/span><\/p>\n<p><strong>Dimensioni<\/strong>: 42 x 37 x 12 cm \/ 16,5\u201d x 14,5\u201d x 4,7\u201d<br \/>\n<strong>Volume<\/strong>: 20,5 L<br \/>\n<strong>Materiale<\/strong>: Tessuto esterno in nylon riciclato \/ Fodera interna in poliestere riciclato<\/p>\n<ul>\n<li><span data-sheets-root=\"1\"> Due tasche laterali con zip in materiale EVA<\/span><\/li>\n<li><span data-sheets-root=\"1\">Due tasche laterali per borraccia<br \/>\n<\/span><\/li>\n<li><span data-sheets-root=\"1\">Manici regolabili<br \/>\n<\/span><\/li>\n<li><span data-sheets-root=\"1\">Tracolla regolabile<br \/>\n<\/span><\/li>\n<li><span data-sheets-root=\"1\">Cinghia di fissaggio alla valigia<br \/>\n<\/span><\/li>\n<li><span data-sheets-root=\"1\">Tasca esterna con zip<br \/>\n<\/span><\/li>\n<li><span data-sheets-root=\"1\">Tessuto e cerniere resistenti all&#8217;acqua<\/span><\/li>\n<li><span data-sheets-root=\"1\">Design leggero e pieghevole<\/span><\/li>\n<\/ul>\n","protected":false},"excerpt":{"rendered":"<div class=\"kwt-excerpt-wrap woocommerce-product-details__short-description kwt-excerpt-_af2dc5-f3 kwt-excerpt-single cb-brand-statement wp-block-kadence-wootemplate-blocks-excerpt\">\n<h2><strong><span class=\"heading-2-sans black-weight letters\">FLEX<\/span><\/strong><br \/>\n<em><span class=\"heading-2-serif default-weight letters\">appeal.<\/span><\/em><\/h2>\n<\/div>\n<div class=\"kwt-description-wrap kwt-description-_d47f77-e0 kwt-description-single wp-block-kadence-wootemplate-blocks-description\"><\/div>\n","protected":false},"featured_media":17323,"template":"","meta":{"_acf_changed":false,"_kb_optimizer_status":0,"_kad_blocks_custom_css":"","_kad_blocks_head_custom_js":"","_kad_blocks_body_custom_js":"","_kad_blocks_footer_custom_js":"","_kadence_starter_templates_imported_post":false,"_kad_post_transparent":"default","_kad_post_title":"","_kad_post_layout":"default","_kad_post_sidebar_id":"","_kad_post_content_style":"default","_kad_post_vertical_padding":"default","_kad_post_feature":"","_kad_post_feature_position":"","_kad_post_header":false,"_kad_post_footer":false,"_kad_post_classname":""},"product_brand":[],"product_cat":[220],"product_tag":[],"class_list":{"0":"post-17485","1":"product","2":"type-product","3":"status-publish","4":"has-post-thumbnail","6":"product_cat-borse-soft","7":"pa_color-acid-green-violet","8":"pa_color-black","9":"pa_color-silver","11":"first","12":"instock","13":"taxable","14":"shipping-taxable","15":"purchasable","16":"product-type-variable","17":"has-default-attributes","18":"entry","19":"content-bg","20":"loop-entry"},"acf":[],"taxonomy_info":{"product_cat":[{"value":220,"label":"Borse Soft"}],"pa_color":[{"value":214,"label":"Acid green &amp; Violet"},{"value":101,"label":"Black"},{"value":103,"label":"Silver"}]},"featured_image_src_large":["https:\/\/store.crashbaggage.com\/eu\/wp-content\/uploads\/sites\/3\/2025\/04\/Crash-Baggage_bags_Soft-Side-Tote-Bag_Acid-Green-Purple_std_04-1024x1024.png",1024,1024,true],"author_info":[],"comment_info":"","_links":{"self":[{"href":"https:\/\/store.crashbaggage.com\/eu\/it\/wp-json\/wp\/v2\/product\/17485","targetHints":{"allow":["GET"]}}],"collection":[{"href":"https:\/\/store.crashbaggage.com\/eu\/it\/wp-json\/wp\/v2\/product"}],"about":[{"href":"https:\/\/store.crashbaggage.com\/eu\/it\/wp-json\/wp\/v2\/types\/product"}],"wp:featuredmedia":[{"embeddable":true,"href":"https:\/\/store.crashbaggage.com\/eu\/it\/wp-json\/wp\/v2\/media\/17323"}],"wp:attachment":[{"href":"https:\/\/store.crashbaggage.com\/eu\/it\/wp-json\/wp\/v2\/media?parent=17485"}],"wp:term":[{"taxonomy":"product_brand","embeddable":true,"href":"https:\/\/store.crashbaggage.com\/eu\/it\/wp-json\/wp\/v2\/product_brand?post=17485"},{"taxonomy":"product_cat","embeddable":true,"href":"https:\/\/store.crashbaggage.com\/eu\/it\/wp-json\/wp\/v2\/product_cat?post=17485"},{"taxonomy":"product_tag","embeddable":true,"href":"https:\/\/store.crashbaggage.com\/eu\/it\/wp-json\/wp\/v2\/product_tag?post=17485"}],"curies":[{"name":"wp","href":"https:\/\/api.w.org\/{rel}","templated":true}]}}