{"id":15714,"date":"2024-12-19T15:23:53","date_gmt":"2024-12-19T15:23:53","guid":{"rendered":"https:\/\/store.crashbaggage.com\/eu\/?post_type=product&#038;p=15714"},"modified":"2026-03-13T09:13:12","modified_gmt":"2026-03-13T09:13:12","slug":"trunk","status":"publish","type":"product","link":"https:\/\/store.crashbaggage.com\/eu\/it\/valigie\/trunk\/trunk\/","title":{"rendered":"Trunk"},"content":{"rendered":"<p>Sappiamo cosa stai pensando. Perch\u00e9 dovrei portare con me cos\u00ec tanti vestiti? Beh, solo perch\u00e9 ci stanno! Se ti piace viaggiare portando con te tutto ci\u00f2 di cui potresti aver bisogno (e forse di pi\u00f9, molto di pi\u00f9), a chi importa? Prova a riempire Trunk. Ha una struttura esterna arrotondata in 100% policarbonato antiurto e cos\u00ec tanto spazio all\u2019interno che potresti perderti (e probabilmente lo farai). Le tasche extra e un design versatile dell\u2019interno ti aiuteranno sempre a trovare una via d\u2019uscita.  <\/p>\n","protected":false},"excerpt":{"rendered":"<h2><em>More is<\/em> MORE<\/h2>\n","protected":false},"featured_media":6840,"template":"","meta":{"_acf_changed":false,"_kad_blocks_custom_css":"","_kad_blocks_head_custom_js":"","_kad_blocks_body_custom_js":"","_kad_blocks_footer_custom_js":"","_kadence_starter_templates_imported_post":false,"_kad_post_transparent":"default","_kad_post_title":"","_kad_post_layout":"default","_kad_post_sidebar_id":"","_kad_post_content_style":"default","_kad_post_vertical_padding":"default","_kad_post_feature":"","_kad_post_feature_position":"","_kad_post_header":false,"_kad_post_footer":false,"_kad_post_classname":""},"product_brand":[],"product_cat":[242,166],"product_tag":[],"class_list":{"0":"post-15714","1":"product","2":"type-product","3":"status-publish","4":"has-post-thumbnail","6":"product_cat-trunk","7":"product_cat-valigie","8":"pa_color-black","9":"pa_color-blue-navy","10":"pa_color-camo-green","11":"pa_color-camo-grey","12":"pa_color-camo-tiger","13":"pa_color-chocolate","14":"pa_color-deep-blue","15":"pa_color-fucsia","16":"pa_color-green-olive","17":"pa_color-hunter-green","18":"pa_color-laguna-blue","19":"pa_color-lavanda","20":"pa_color-melon","21":"pa_color-mint-green","22":"pa_color-petrol-blue","23":"pa_color-ruby-red","24":"pa_color-silver","25":"pa_color-skin-pink","26":"pa_color-sky-blue","27":"pa_color-yellow","28":"pa_size-trunk-large","29":"pa_size-trunk-medium","31":"first","32":"instock","33":"taxable","34":"shipping-taxable","35":"purchasable","36":"product-type-variable","37":"has-default-attributes","38":"entry","39":"content-bg","40":"loop-entry"},"acf":[],"taxonomy_info":{"product_cat":[{"value":242,"label":"Trunk"},{"value":166,"label":"Valigie"}],"pa_color":[{"value":101,"label":"Black"},{"value":99,"label":"Blue Navy"},{"value":110,"label":"Camo Green"},{"value":111,"label":"Camo Grey"},{"value":112,"label":"Camo Tiger"},{"value":218,"label":"Chocolate"},{"value":108,"label":"Deep blue"},{"value":104,"label":"Fucsia"},{"value":107,"label":"Green olive"},{"value":158,"label":"Hunter Green"},{"value":109,"label":"Laguna blue"},{"value":106,"label":"Lavanda"},{"value":98,"label":"Melon"},{"value":105,"label":"Mint Green"},{"value":159,"label":"Petrol Blue"},{"value":157,"label":"Ruby Red"},{"value":103,"label":"Silver"},{"value":206,"label":"Skin Pink"},{"value":100,"label":"Sky Blue"},{"value":102,"label":"Yellow"}],"pa_size":[{"value":116,"label":"Large"},{"value":207,"label":"Medium"}]},"featured_image_src_large":["https:\/\/store.crashbaggage.com\/eu\/wp-content\/uploads\/sites\/3\/2023\/03\/Crash-Baggage_luggage_Black_Trunk_01-1024x1024.png",1024,1024,true],"author_info":[],"comment_info":"","_links":{"self":[{"href":"https:\/\/store.crashbaggage.com\/eu\/it\/wp-json\/wp\/v2\/product\/15714","targetHints":{"allow":["GET"]}}],"collection":[{"href":"https:\/\/store.crashbaggage.com\/eu\/it\/wp-json\/wp\/v2\/product"}],"about":[{"href":"https:\/\/store.crashbaggage.com\/eu\/it\/wp-json\/wp\/v2\/types\/product"}],"wp:featuredmedia":[{"embeddable":true,"href":"https:\/\/store.crashbaggage.com\/eu\/it\/wp-json\/wp\/v2\/media\/6840"}],"wp:attachment":[{"href":"https:\/\/store.crashbaggage.com\/eu\/it\/wp-json\/wp\/v2\/media?parent=15714"}],"wp:term":[{"taxonomy":"product_brand","embeddable":true,"href":"https:\/\/store.crashbaggage.com\/eu\/it\/wp-json\/wp\/v2\/product_brand?post=15714"},{"taxonomy":"product_cat","embeddable":true,"href":"https:\/\/store.crashbaggage.com\/eu\/it\/wp-json\/wp\/v2\/product_cat?post=15714"},{"taxonomy":"product_tag","embeddable":true,"href":"https:\/\/store.crashbaggage.com\/eu\/it\/wp-json\/wp\/v2\/product_tag?post=15714"}],"curies":[{"name":"wp","href":"https:\/\/api.w.org\/{rel}","templated":true}]}}