{"id":11788,"date":"2022-07-29T16:02:45","date_gmt":"2022-07-29T16:02:45","guid":{"rendered":"https:\/\/store.crashbaggage.com\/eu\/uncategorized\/easy-life-kit-2\/"},"modified":"2025-06-09T17:02:59","modified_gmt":"2025-06-09T17:02:59","slug":"easy-life-kit","status":"publish","type":"product","link":"https:\/\/store.crashbaggage.com\/eu\/it\/accessori\/easy-life-kit\/easy-life-kit\/","title":{"rendered":"Easy Life Kit"},"content":{"rendered":"<p>L&#8217;Easy Life Kit \u00e8 pensato per una valigia pi\u00f9 organizzata. Il Kit \u00e8 composto da tre custodie di diverse taglie (S, M, L), che possono contenere indumenti e capi di varie dimensioni, come camicie, t-shirt e biancheria intima. Ogni custodia \u00e8 dotata di una patta in rete che ne svela il contenuto e ti permette di trovare rapidamente ci\u00f2 di cui hai bisogno. Una quarta custodia, che racchiude le altre, \u00e8 pensata per essere una comoda borsa per le scarpe. L&#8217;Easy Life Kit \u00e8 disponibile in quattro colori: black, yellow, green e red.<\/p>\n","protected":false},"excerpt":{"rendered":"<h2 class=\"animated-text-container\" data-ancounter=\"0\"><span id=\"animated-text-1\" class=\"animated-text\"><span class=\"text-wrapper heading-2-size\"><em><span class=\"heading-2-serif default-weight letters word\">Your <\/span><\/em><span class=\"heading-2-serif default-weight letters word\"><em>PERSONAL<\/em><br \/>\n<\/span><\/span><\/span><span id=\"animated-text-2\" class=\"animated-text\"><span class=\"text-wrapper heading-2-size\"><span class=\"heading-2-sans black-weight letters word\"><strong>assistant<\/strong><br \/>\n<\/span><\/span><\/span><span id=\"animated-text-3\" class=\"animated-text\"><span class=\"text-wrapper heading-2-size\"><em><span class=\"heading-2-serif default-weight letters word\">for when <\/span><\/em><span class=\"heading-2-serif default-weight letters word\"><em>it&#8217;s time<\/em><br \/>\n<\/span><\/span><\/span><strong><span id=\"animated-text-4\" class=\"animated-text\"><span class=\"text-wrapper heading-2-size\"><span class=\"heading-2-sans black-weight letters word\">to pack up!<\/span><\/span><\/span><\/strong><\/h2>\n","protected":false},"featured_media":8406,"template":"","meta":{"_acf_changed":false,"_kb_optimizer_status":0,"_kad_blocks_custom_css":"","_kad_blocks_head_custom_js":"","_kad_blocks_body_custom_js":"","_kad_blocks_footer_custom_js":"","_kadence_starter_templates_imported_post":false,"_kad_post_transparent":"default","_kad_post_title":"","_kad_post_layout":"default","_kad_post_sidebar_id":"","_kad_post_content_style":"default","_kad_post_vertical_padding":"default","_kad_post_feature":"","_kad_post_feature_position":"","_kad_post_header":false,"_kad_post_footer":false,"_kad_post_classname":""},"product_brand":[],"product_cat":[171,173],"product_tag":[],"class_list":{"0":"post-11788","1":"product","2":"type-product","3":"status-publish","4":"has-post-thumbnail","6":"product_cat-accessori","7":"product_cat-easy-life-kit","8":"pa_color-black","9":"pa_color-green-olive","10":"pa_color-red","11":"pa_color-yellow","13":"first","14":"instock","15":"taxable","16":"shipping-taxable","17":"purchasable","18":"product-type-variable","19":"has-default-attributes","20":"entry","21":"content-bg","22":"loop-entry"},"acf":[],"taxonomy_info":{"product_cat":[{"value":171,"label":"Accessori"},{"value":173,"label":"Easy life kit"}],"pa_color":[{"value":101,"label":"Black"},{"value":107,"label":"Green olive"},{"value":120,"label":"Red"},{"value":102,"label":"Yellow"}]},"featured_image_src_large":["https:\/\/store.crashbaggage.com\/eu\/wp-content\/uploads\/sites\/3\/2022\/07\/Crash-Baggage_accessories_Easy-life-kit_Black_std_01-1024x1024.png",1024,1024,true],"author_info":[],"comment_info":"","_links":{"self":[{"href":"https:\/\/store.crashbaggage.com\/eu\/it\/wp-json\/wp\/v2\/product\/11788","targetHints":{"allow":["GET"]}}],"collection":[{"href":"https:\/\/store.crashbaggage.com\/eu\/it\/wp-json\/wp\/v2\/product"}],"about":[{"href":"https:\/\/store.crashbaggage.com\/eu\/it\/wp-json\/wp\/v2\/types\/product"}],"wp:featuredmedia":[{"embeddable":true,"href":"https:\/\/store.crashbaggage.com\/eu\/it\/wp-json\/wp\/v2\/media\/8406"}],"wp:attachment":[{"href":"https:\/\/store.crashbaggage.com\/eu\/it\/wp-json\/wp\/v2\/media?parent=11788"}],"wp:term":[{"taxonomy":"product_brand","embeddable":true,"href":"https:\/\/store.crashbaggage.com\/eu\/it\/wp-json\/wp\/v2\/product_brand?post=11788"},{"taxonomy":"product_cat","embeddable":true,"href":"https:\/\/store.crashbaggage.com\/eu\/it\/wp-json\/wp\/v2\/product_cat?post=11788"},{"taxonomy":"product_tag","embeddable":true,"href":"https:\/\/store.crashbaggage.com\/eu\/it\/wp-json\/wp\/v2\/product_tag?post=11788"}],"curies":[{"name":"wp","href":"https:\/\/api.w.org\/{rel}","templated":true}]}}