{"id":19287,"date":"2025-09-15T11:03:07","date_gmt":"2025-09-15T11:03:07","guid":{"rendered":"https:\/\/store.crashbaggage.com\/eu\/metodi-di-spedizione\/"},"modified":"2025-11-12T11:35:41","modified_gmt":"2025-11-12T11:35:41","slug":"metodi-di-spedizione","status":"publish","type":"page","link":"https:\/\/store.crashbaggage.com\/eu\/it\/metodi-di-spedizione\/","title":{"rendered":"Metodi di spedizione"},"content":{"rendered":"<style>.kb-row-layout-id19287_a5919d-f0 > .kt-row-column-wrap{align-content:start;}:where(.kb-row-layout-id19287_a5919d-f0 > .kt-row-column-wrap) > .wp-block-kadence-column{justify-content:start;}.kb-row-layout-id19287_a5919d-f0 > .kt-row-column-wrap{column-gap:var(--global-kb-gap-md, 2rem);row-gap:var(--global-kb-gap-md, 2rem);max-width:var( --global-content-width, 1290px );padding-left:var(--global-content-edge-padding);padding-right:var(--global-content-edge-padding);padding-top:var(--global-kb-spacing-sm, 1.5rem);padding-bottom:var(--global-kb-spacing-sm, 1.5rem);grid-template-columns:minmax(0, 1fr);}.kb-row-layout-id19287_a5919d-f0 > .kt-row-layout-overlay{opacity:0.30;}@media all and (max-width: 1024px){.kb-row-layout-id19287_a5919d-f0 > .kt-row-column-wrap{grid-template-columns:minmax(0, 1fr);}}@media all and (max-width: 767px){.kb-row-layout-id19287_a5919d-f0 > .kt-row-column-wrap{grid-template-columns:minmax(0, 1fr);}}<\/style><div class=\"kb-row-layout-wrap kb-row-layout-id19287_a5919d-f0 alignnone wp-block-kadence-rowlayout\"><div class=\"kt-row-column-wrap kt-has-1-columns kt-row-layout-equal kt-tab-layout-inherit kt-mobile-layout-row kt-row-valign-top kb-theme-content-width\">\n<style>.kadence-column19287_fedaa3-99 > .kt-inside-inner-col,.kadence-column19287_fedaa3-99 > .kt-inside-inner-col:before{border-top-left-radius:0px;border-top-right-radius:0px;border-bottom-right-radius:0px;border-bottom-left-radius:0px;}.kadence-column19287_fedaa3-99 > .kt-inside-inner-col{column-gap:var(--global-kb-gap-sm, 1rem);}.kadence-column19287_fedaa3-99 > .kt-inside-inner-col{flex-direction:column;}.kadence-column19287_fedaa3-99 > .kt-inside-inner-col > .aligncenter{width:100%;}.kadence-column19287_fedaa3-99 > .kt-inside-inner-col:before{opacity:0.3;}.kadence-column19287_fedaa3-99{position:relative;}@media all and (max-width: 1024px){.kadence-column19287_fedaa3-99 > .kt-inside-inner-col{flex-direction:column;justify-content:center;}}@media all and (max-width: 767px){.kadence-column19287_fedaa3-99 > .kt-inside-inner-col{flex-direction:column;justify-content:center;}}<\/style>\n<div class=\"wp-block-kadence-column kadence-column19287_fedaa3-99\"><div class=\"kt-inside-inner-col\"><style>.wp-block-kadence-advancedheading.kt-adv-heading19287_594eed-81, .wp-block-kadence-advancedheading.kt-adv-heading19287_594eed-81[data-kb-block=\"kb-adv-heading19287_594eed-81\"]{font-style:normal;}.wp-block-kadence-advancedheading.kt-adv-heading19287_594eed-81 mark.kt-highlight, .wp-block-kadence-advancedheading.kt-adv-heading19287_594eed-81[data-kb-block=\"kb-adv-heading19287_594eed-81\"] mark.kt-highlight{font-style:normal;color:#f76a0c;-webkit-box-decoration-break:clone;box-decoration-break:clone;padding-top:0px;padding-right:0px;padding-bottom:0px;padding-left:0px;}.wp-block-kadence-advancedheading.kt-adv-heading19287_594eed-81 img.kb-inline-image, .wp-block-kadence-advancedheading.kt-adv-heading19287_594eed-81[data-kb-block=\"kb-adv-heading19287_594eed-81\"] img.kb-inline-image{width:150px;vertical-align:baseline;}<\/style>\n<h1 class=\"kt-adv-heading19287_594eed-81 wp-block-kadence-advancedheading\" data-kb-block=\"kb-adv-heading19287_594eed-81\"><a class=\"\" href=\"https:\/\/store.crashbaggage.com\/eu\/cart\/\"><\/a>Metodi di spedizione<\/h1>\n\n\n\n<p>Le consegne vengono gestite tramite corrieri espressi e servizi internazionali. Gli ordini vengono evasi in 24 ore dal ricevimento dell&#8217;ordine.<\/p>\n\n\n<style>.wp-block-kadence-advancedheading.kt-adv-heading19287_8453c4-14, .wp-block-kadence-advancedheading.kt-adv-heading19287_8453c4-14[data-kb-block=\"kb-adv-heading19287_8453c4-14\"]{font-size:var(--global-kb-font-size-lg, 2rem);font-style:normal;letter-spacing:0px;}.wp-block-kadence-advancedheading.kt-adv-heading19287_8453c4-14 mark.kt-highlight, .wp-block-kadence-advancedheading.kt-adv-heading19287_8453c4-14[data-kb-block=\"kb-adv-heading19287_8453c4-14\"] mark.kt-highlight{font-style:normal;color:#f76a0c;-webkit-box-decoration-break:clone;box-decoration-break:clone;padding-top:0px;padding-right:0px;padding-bottom:0px;padding-left:0px;}.wp-block-kadence-advancedheading.kt-adv-heading19287_8453c4-14 img.kb-inline-image, .wp-block-kadence-advancedheading.kt-adv-heading19287_8453c4-14[data-kb-block=\"kb-adv-heading19287_8453c4-14\"] img.kb-inline-image{width:150px;vertical-align:baseline;}<\/style>\n<h2 class=\"kt-adv-heading19287_8453c4-14 wp-block-kadence-advancedheading\" data-kb-block=\"kb-adv-heading19287_8453c4-14\"><strong>TASSE E DAZI<\/strong><\/h2>\n\n\n\n<p>Le politiche doganali e i dazi all\u2019importazione variano ampiamente da Paese a Paese. Purtroppo non possiamo controllare queste spese, quindi, per le consegne al di fuori dell&#8217;UE, i costi relativi a TASSE e DAZI NON saranno coperti da CRASH BAGGAGE SRL. I prezzi netti vengono visualizzati nel carrello quando viene selezionato il paese di spedizione. Le relative tasse, dazi e oneri di importazione verranno addebitati al destinatario direttamente al cliente dal corriere e non verranno rimborsati in caso di restituzione degli articoli.<\/p>\n\n\n<style>.wp-block-kadence-advancedheading.kt-adv-heading19287_4b9e24-39, .wp-block-kadence-advancedheading.kt-adv-heading19287_4b9e24-39[data-kb-block=\"kb-adv-heading19287_4b9e24-39\"]{font-size:var(--global-kb-font-size-lg, 2rem);font-style:normal;letter-spacing:0px;}.wp-block-kadence-advancedheading.kt-adv-heading19287_4b9e24-39 mark.kt-highlight, .wp-block-kadence-advancedheading.kt-adv-heading19287_4b9e24-39[data-kb-block=\"kb-adv-heading19287_4b9e24-39\"] mark.kt-highlight{font-style:normal;color:#f76a0c;-webkit-box-decoration-break:clone;box-decoration-break:clone;padding-top:0px;padding-right:0px;padding-bottom:0px;padding-left:0px;}.wp-block-kadence-advancedheading.kt-adv-heading19287_4b9e24-39 img.kb-inline-image, .wp-block-kadence-advancedheading.kt-adv-heading19287_4b9e24-39[data-kb-block=\"kb-adv-heading19287_4b9e24-39\"] img.kb-inline-image{width:150px;vertical-align:baseline;}<\/style>\n<h2 class=\"kt-adv-heading19287_4b9e24-39 wp-block-kadence-advancedheading\" data-kb-block=\"kb-adv-heading19287_4b9e24-39\"><strong>TEMPI E COSTI DI SPEDIZIONE<\/strong><\/h2>\n\n\n\n<p>I tempi ed i costi di spedizione sono specificati di seguito. Tieni presente che faremo il possibile per consegnare i prodotti ordinati entro i tempi stimati. In alcuni casi, le dogane locali o i tempi di transito tecnici possono introdurre ritardi nella consegna che sono fuori dal nostro controllo e per i quali non siamo responsabili. Per ogni spedizione, \u00e8 sempre necessario che qualcuno firmi la consegna.<\/p>\n\n\n\n<p><strong>ZONA 1<\/strong> \u2013 Italia<br><strong>Spese di spedizione:<\/strong> Gratuite<br><strong>Tempo di spedizione: <\/strong> 2-3 giorni lavorativi<\/p>\n\n\n\n<p><strong>ZONA 2 <\/strong> \u2013 Austria, Belgio, Danimarca, Estonia, Finlandia, Francia, Germania, Grecia, Irlanda, Ungheria, Lettonia, Lituania, Lussemburgo, Malta, Paesi Bassi, Polonia, Portogallo, Repubblica Ceca, Romania, Slovacchia, Slovenia, Spagna, Svezia<br><strong>Spese di spedizione:<\/strong> Da 10,00 \u20ac a 60,00 \u20ac in base al peso totale dei prodotti*<br><strong>Tempo di spedizione:<\/strong> 4-7 giorni lavorativi<\/p>\n\n\n\n<p><strong>ZONA 3<\/strong> \u2013 Svizzera, Regno Unito e Norvegia<br><strong>Spese di spedizione:<\/strong> Da 10,00 \u20ac a 70,00 \u20ac in base al peso totale dei prodotti*<br><strong>Tempo di spedizione:<\/strong> 4-7 giorni lavorativi<\/p>\n\n\n\n<p><strong>ZONA 4<\/strong> \u2013 Albania, Bosnia ed Erzegovina, Bulgaria, Croazia, Islanda, Gibilterra, Moldavia, Montenegro, Serbia.<br><strong>Spese di spedizione: <\/strong> Da 10,00 \u20ac a 100,00 \u20ac in base al peso totale dei prodotti*<br><strong>Tempo di spedizione: <\/strong> 6-12 giorni lavorativi<\/p>\n\n\n\n<p><strong>ZONA 5<\/strong> \u2013 USA, Canada<br><strong>Spese di spedizione:<\/strong> Da 20,00 \u20ac a 120,00 \u20ac in base al peso totale dei prodotti*<br><strong>Tempo di spedizione:<\/strong> 5-20 giorni lavorativi<\/p>\n\n\n\n<p>* Le spese di spedizione vengono calcolate al momento del pagamento. Gli importi dipendono dal peso totale della merce e dal numero dei colli.<br>Se il tuo Paese non \u00e8 nell&#8217;elenco non esitare a contattarci compilando il modulo in <a href=\"https:\/\/store.crashbaggage.com\/eu\/customer-care\/\">questa pagina<\/a> e ti faremo sapere il modo pi\u00f9 semplice per ottenere una Crash.<\/p>\n\n\n\n<p><strong>DIRITTO DI RECESSO <\/strong> (applicabile solo nel caso di Clienti Consumatori, ai sensi degli articoli 64-67 del D.Lgs. 09.06.2005, n. 206)<\/p>\n\n\n\n<p>Il Fornitore desidera garantire la completa soddisfazione dei propri Clienti. Se per qualche motivo non sono pienamente soddisfatti degli ordini effettuati, hanno il diritto di restituire uno o pi\u00f9 articoli ricevendo un rimborso pari al prezzo dei prodotti restituiti (escluse le spese di restituzione). \u00c8 inoltre possibile cambiare gli articoli acquistati con altri prodotti di valore uguale o superiore, pagando la differenza per articoli di prezzo superiore. Inoltre, le spese di spedizione per l&#8217;invio del nuovo articolo saranno sempre a carico del cliente.<\/p>\n\n\n\n<p><strong>Prima di rispedire il prodotto reso a Crash Baggage S.r.l., compila il modulo <a href=\"https:\/\/store.crashbaggage.com\/eu\/returns-and-repairs\"><u>qui.<\/u><\/a><\/strong><\/p>\n\n\n\n<p>Le spese di spedizione per la restituzione e le tasse saranno a carico del cliente. Tieni presente che, per oggettive difficolt\u00e0 legate alle pratiche doganali, NON ACCETTIAMO alcun tipo di reso dai paesi delle zone 3-4-5.<\/p>\n\n\n\n<p><strong>Condizioni per esercitare il diritto di recesso<\/strong><\/p>\n\n\n\n<p>Hai il diritto di restituire il prodotto entro 30 giorni dal ricevimento della merce e, pertanto, richiedere un rimborso completo, a condizione che la merce sia completa, non utilizzata, non danneggiata e imballata nella propria confezione originale.<\/p>\n\n\n\n<p>In conformit\u00e0 con l&#8217;art. 67 del Codice dei Consumatori, la sostanziale integrit\u00e0 del bene da restituire \u00e8 condizione essenziale per l&#8217;esercizio del diritto di recesso. Per favore, assicurati di restituire gli articoli con la loro confezione originale e in perfette condizioni. <strong>Le uniche spese a carico del Consumatore per l&#8217;esercizio del diritto di recesso ai sensi della presente clausola sono le spese dirette di restituzione del bene al Fornitore (spese di spedizione e spese doganali).<\/strong> Se il diritto di recesso \u00e8 esercitato dal Consumatore conformamente a quanto previsto nelle presenti clausole, il Fornitore \u00e8 tenuto a rimborsare le somme versate dal Consumatore. Le spese di spedizione gi\u00e0 sostenute dal Fornitore saranno a carico del Consumatore. Il rimborso viene effettuato gratuitamente, entro 30 giorni dalla data in cui il Fornitore \u00e8 venuto a conoscenza dell\u2019esercizio del diritto di recesso da parte del consumatore. Le somme si intendono rimborsate nei termini qualora vengano effettivamente restituite, spedite o riaccreditate con valuta non successiva alla scadenza del termine precedentemente indicato.<\/p>\n\n\n\n<p>Il Cliente dovr\u00e0 attendere istruzioni del Fornitore per la restituzione della merce e non dovr\u00e0 spedire la merce resa in contrassegno, poich\u00e9 verrebbe automaticamente respinta al mittente. In ogni caso, il diritto di recesso \u00e8, comunque, sottoposto alle seguenti condizioni:<\/p>\n\n\n\n<p>\u2013 tale diritto si applica al prodotto acquistato nella sua interezza; non \u00e8 possibile esercitare recesso soltanto su parte del prodotto acquistato;<\/p>\n\n\n\n<p>\u2013 tale diritto non si applica ai prodotti confezionati su misura o chiaramente personalizzati;<\/p>\n\n\n\n<p>La merce, fino all\u2019attestato di avvenuto ricevimento nel magazzino del Fornitore, \u00e8 sotto la completa responsabilit\u00e0 del Consumatore. In ogni caso il Fornitore non risponde in nessun modo per danneggiamenti o furto\/smarrimento di beni restituiti con spedizioni non assicurate. Sar\u00e0 cura del Consumatore indicare tempestivamente le coordinate bancarie sulle quali accreditare il rimborso (Codice ABI \u2013 CAB \u2013 Conto Corrente \u2013 Codice CIN dell&#8217;intestatario della fattura).<\/p>\n<\/div><\/div>\n\n<\/div><\/div>","protected":false},"excerpt":{"rendered":"<p>Metodi di spedizione Le consegne vengono gestite tramite corrieri espressi e servizi internazionali. Gli ordini vengono evasi in 24 ore dal ricevimento dell&#8217;ordine. TASSE E DAZI Le politiche doganali e i dazi all\u2019importazione variano ampiamente da Paese a Paese. Purtroppo non possiamo controllare queste spese, quindi, per le consegne al di fuori dell&#8217;UE, i costi&#8230;<\/p>\n","protected":false},"author":1,"featured_media":0,"parent":0,"menu_order":0,"comment_status":"open","ping_status":"open","template":"","meta":{"_acf_changed":false,"_kb_optimizer_status":0,"_kad_blocks_custom_css":"","_kad_blocks_head_custom_js":"","_kad_blocks_body_custom_js":"","_kad_blocks_footer_custom_js":"","_kadence_starter_templates_imported_post":false,"_kad_post_transparent":"","_kad_post_title":"","_kad_post_layout":"","_kad_post_sidebar_id":"","_kad_post_content_style":"","_kad_post_vertical_padding":"","_kad_post_feature":"","_kad_post_feature_position":"","_kad_post_header":false,"_kad_post_footer":false,"_kad_post_classname":"","footnotes":""},"class_list":["post-19287","page","type-page","status-publish","hentry"],"acf":[],"taxonomy_info":[],"featured_image_src_large":false,"author_info":{"display_name":"Crash Baggage","author_link":"https:\/\/store.crashbaggage.com\/eu\/it\/blog\/author\/cubica\/"},"comment_info":0,"_links":{"self":[{"href":"https:\/\/store.crashbaggage.com\/eu\/it\/wp-json\/wp\/v2\/pages\/19287","targetHints":{"allow":["GET"]}}],"collection":[{"href":"https:\/\/store.crashbaggage.com\/eu\/it\/wp-json\/wp\/v2\/pages"}],"about":[{"href":"https:\/\/store.crashbaggage.com\/eu\/it\/wp-json\/wp\/v2\/types\/page"}],"author":[{"embeddable":true,"href":"https:\/\/store.crashbaggage.com\/eu\/it\/wp-json\/wp\/v2\/users\/1"}],"replies":[{"embeddable":true,"href":"https:\/\/store.crashbaggage.com\/eu\/it\/wp-json\/wp\/v2\/comments?post=19287"}],"version-history":[{"count":3,"href":"https:\/\/store.crashbaggage.com\/eu\/it\/wp-json\/wp\/v2\/pages\/19287\/revisions"}],"predecessor-version":[{"id":19900,"href":"https:\/\/store.crashbaggage.com\/eu\/it\/wp-json\/wp\/v2\/pages\/19287\/revisions\/19900"}],"wp:attachment":[{"href":"https:\/\/store.crashbaggage.com\/eu\/it\/wp-json\/wp\/v2\/media?parent=19287"}],"curies":[{"name":"wp","href":"https:\/\/api.w.org\/{rel}","templated":true}]}}